{"id":216,"date":"2014-07-07T12:50:34","date_gmt":"2014-07-07T10:50:34","guid":{"rendered":"http:\/\/garibai-aroztegia.com\/?page_id=216"},"modified":"2018-06-13T19:31:40","modified_gmt":"2018-06-13T17:31:40","slug":"politica-de-privacidad","status":"publish","type":"page","link":"https:\/\/garibai-aroztegia.com\/eu\/politica-de-privacidad\/","title":{"rendered":"Politika onartzea"},"content":{"rendered":"<p>Los datos que nos facilita ser\u00e1n incorporados a un fichero con la finalidad de mantener las relaciones comerciales con Ud., cuyo responsable es GARIBAI AROZTEGIA S.L.<\/p>\n<p>Puede ejercer sus derechos en materia de Protecci\u00f3n de Datos en la siguiente direcci\u00f3n: Direcci\u00f3n : Garibai 11 \u2013 20560 O\u00f1ati \u2013 Gipuzkoa.<\/p>","protected":false},"excerpt":{"rendered":"<p>Los datos que nos facilita ser\u00e1n incorporados a un fichero con la finalidad de mantener las relaciones comerciales con Ud., cuyo responsable es GARIBAI AROZTEGIA S.L. Puede ejercer sus derechos en materia de Protecci\u00f3n de Datos en la siguiente direcci\u00f3n: Direcci\u00f3n : Garibai 11 \u2013 20560 O\u00f1ati \u2013 Gipuzkoa.<\/p>\n","protected":false},"author":5,"featured_media":0,"parent":0,"menu_order":0,"comment_status":"closed","ping_status":"closed","template":"","meta":{"footnotes":""},"class_list":["post-216","page","type-page","status-publish","hentry"],"aioseo_notices":[],"_links":{"self":[{"href":"https:\/\/garibai-aroztegia.com\/eu\/wp-json\/wp\/v2\/pages\/216","targetHints":{"allow":["GET"]}}],"collection":[{"href":"https:\/\/garibai-aroztegia.com\/eu\/wp-json\/wp\/v2\/pages"}],"about":[{"href":"https:\/\/garibai-aroztegia.com\/eu\/wp-json\/wp\/v2\/types\/page"}],"author":[{"embeddable":true,"href":"https:\/\/garibai-aroztegia.com\/eu\/wp-json\/wp\/v2\/users\/5"}],"replies":[{"embeddable":true,"href":"https:\/\/garibai-aroztegia.com\/eu\/wp-json\/wp\/v2\/comments?post=216"}],"version-history":[{"count":9,"href":"https:\/\/garibai-aroztegia.com\/eu\/wp-json\/wp\/v2\/pages\/216\/revisions"}],"predecessor-version":[{"id":1398,"href":"https:\/\/garibai-aroztegia.com\/eu\/wp-json\/wp\/v2\/pages\/216\/revisions\/1398"}],"wp:attachment":[{"href":"https:\/\/garibai-aroztegia.com\/eu\/wp-json\/wp\/v2\/media?parent=216"}],"curies":[{"name":"wp","href":"https:\/\/api.w.org\/{rel}","templated":true}]}}