{"id":84,"date":"2014-03-21T11:00:58","date_gmt":"2014-03-21T10:00:58","guid":{"rendered":"http:\/\/garibai-aroztegia.com\/?page_id=84"},"modified":"2018-06-13T19:31:40","modified_gmt":"2018-06-13T17:31:40","slug":"aviso-legal","status":"publish","type":"page","link":"https:\/\/garibai-aroztegia.com\/eu\/aviso-legal\/","title":{"rendered":"Lege Oharra"},"content":{"rendered":"<p><strong>CONDICIONES GENERALES DE USO DE LA WEB: www.garibai-aroztegia.com<\/strong><\/p>\n<p>1. La utilizaci\u00f3n de este espacio web est\u00e1 sujeta a la aceptaci\u00f3n plena por parte del Usuario de estas Condiciones Generales de Uso, o bien de aquellas que se encuentren vigentes en cada momento en que el usuario acceda al mismo.<\/p>\n<p>2. S\u00f3lo se permite el acceso a este sitio as\u00ed como su uso con fines l\u00edcitos, ajust\u00e1ndose en todo momento su uso a las presentes Condiciones Generales, la ley aplicable en cada momento, as\u00ed como la moral, buenas costumbres y orden p\u00fablico. La empresa se reserva el derecho a retirar el acceso a este sitio, sin necesidad de previo aviso, a cualquier usuario que contravenga lo dispuesto en este aviso legal, as\u00ed como a poner en conocimiento de las autoridades competentes la realizaci\u00f3n de actividades que pudiesen ser constitutivas de delito.<\/p>\n<p>3. La empresa se reserva el derecho unilateral de modificar en cualquier momento las presentes Condiciones Generales de Uso as\u00ed como cualesquiera otras condiciones generales o particulares de su p\u00e1gina web. Tambi\u00e9n se reserva el derecho a modificar en cualquier momento la presentaci\u00f3n, configuraci\u00f3n y localizaci\u00f3n del Sitio Web, as\u00ed como los contenidos y las condiciones requeridas para utilizar los mismos.<\/p>\n<p>4. El Usuario reconoce que el acceso a este sitio se realiza bajo su libre consentimiento y es responsabilidad exclusiva suya.<\/p>\n<p>5. GARIBAI AROZTEGIA S.L se reserva el derecho de poner en conocimiento de la Autoridad competente cualquier otro uso que pueda atentar contra sus intereses o derechos o puedan ser constitutivos de delito.<\/p>\n<p>6. GARIBAI AROZTEGIA S.L se reserva el derecho a poner fin a este servicio web en cualquier momento sin m\u00e1s requisito que el aviso en las presentes condiciones con 15 d\u00edas de antelaci\u00f3n.<\/p>\n<p><strong>2. CL\u00c1USULA DE EXCLUSI\u00d3N DE RESPONSABILIDAD<\/strong><\/p>\n<p>1. GARIBAI AROZTEGIA S.L no puede garantizar la disponibilidad permanente del servicio que ofrece este sitio, ni se hace responsable de cualesquiera da\u00f1os y perjuicios producidos o que puedan producirse en el futuro, ni de los defectos t\u00e9cnicos, cualquiera que sea su naturaleza, que se deriven del uso de la informaci\u00f3n contenida en este sitio web.<\/p>\n<p>2. En el caso de que, por un ataque inform\u00e1tico, se produjesen errores en la informaci\u00f3n facilitada, GARIBAI AROZTEGIA S.L no se hace responsable de tales errores as\u00ed como de los da\u00f1os causados por el uso de la informaci\u00f3n derivada de dichos errores.<\/p>\n<p>3. El contenido de esta Web es meramente informativo, no haci\u00e9ndose responsable en ning\u00fan momento acerca de los posibles errores producidos en su presentaci\u00f3n. Si desea informaci\u00f3n m\u00e1s detallada, puede ponerse en contacto a trav\u00e9s de la direcci\u00f3n de correo info@garibai-aroztegia.com<\/p>\n<p><strong>3. R\u00c9GIMEN DE PROPIEDAD INDUSTRIAL E INTELECTUAL<\/strong><\/p>\n<p>1. La propiedad industrial e intelectual de cuantos logos, emblemas, o cualquier elemento incorporado en el dise\u00f1o de este sitio pertenece en exclusiva a GARIBAI AROZTEGIA S.L El Usuario reconoce y acepta estos derechos. Los elementos de esta web sobre los que GARIBAI AROZTEGIA S.L no tiene derechos de propiedad intelectual o industrial son usados con el correspondiente permiso.<\/p>\n<p>2. Queda prohibida la reproducci\u00f3n de todo o parte del contenido de www.garibai-aroztegia.com, as\u00ed como su transmisi\u00f3n o registrado por ning\u00fan sistema de recuperaci\u00f3n de informaci\u00f3n, en ninguna forma ni en ning\u00fan medio, a menos que se cuente con la autorizaci\u00f3n previa, por escrito, de GARIBAI AROZTEGIA S.L<\/p>\n<p>3. No est\u00e1 permitido eludir el copyright sobre los derechos de GARIBAI AROZTEGIA S.L, as\u00ed como eludir o tratar de eludir los sistemas que haya o pueda haber de protecci\u00f3n del los contenidos. Se permite el derecho de cita siempre que se indique la fuente de la que proviene.<\/p>\n<p>4. Cualquier violaci\u00f3n de los derechos de propiedad intelectual o industrial de este portal o los elementos de GARIBAI AROZTEGIA S.L, ser\u00e1 objeto de las oportunas medidas legales para lograr la protecci\u00f3n de \u00e9stos.<\/p>\n<p><strong>4. PROTECCI\u00d3N DE DATOS<\/strong><\/p>\n<p>1. Los datos personales vinculados a esta Web respetan las exigencias de la legislaci\u00f3n vigente en materia de protecci\u00f3n de datos personales.<\/p>\n<p>2. GARIBAI AROZTEGIA S.L tratar\u00e1 los datos de car\u00e1cter personal que se recojan a trav\u00e9s de esta Web cumpliendo con la normativa vigente sobre protecci\u00f3n de datos. As\u00ed:<\/p>\n<p>&#8211; la inclusi\u00f3n en ficheros es absolutamente voluntaria y es debidamente anunciada;<\/p>\n<p>\u2013 los ficheros a los que se incorporen datos personales est\u00e1n dados de alta en la Agencia Espa\u00f1ola de Protecci\u00f3n de Datos, y protegidos por las medidas de seguridad exigidas por la legislaci\u00f3n.<\/p>\n<p>\u2013 los datos s\u00f3lo ser\u00e1n utilizados para la finalidad para la que se hayan recogido;<\/p>\n<p>\u2013 todas las personas que se incorporen al fichero creado podr\u00e1n ejercer los derechos de acceso, rectificaci\u00f3n, cancelaci\u00f3n y oposici\u00f3n en la forma prevista por la normativa vigente de protecci\u00f3n de datos<\/p>\n<p>3. Salvo indicaci\u00f3n en diferente sentido, el responsable del tratamiento ser\u00e1 GARIBAI AROZTEGIA S.L, pudiendo el usuario dirigirse para ejercitar los derechos de acceso, rectificaci\u00f3n, oposici\u00f3n y cancelaci\u00f3n a: GARIBAI AROZTEGIA S.L, Garibai 11 \u2013 O\u00f1ati 20560 &#8211; Gipuzkoa.<\/p>\n<p><strong>5. LEGISLACI\u00d3N APLICABLE<\/strong><\/p>\n<p>1. GARIBAI AROZTEGIA S.L, informa que este sitio web se encuentra alojado en Espa\u00f1a, pa\u00eds en el que ofrece sus servicios, y por ello la \u00fanica legislaci\u00f3n aplicable para resolver cualquier conflicto respecto a la interpretaci\u00f3n de estas condiciones, es la legislaci\u00f3n espa\u00f1ola, as\u00ed como los Tratados Internacionales que haya suscrito Espa\u00f1a.<\/p>\n<p>2. Mediante la aceptaci\u00f3n de las presentes Condiciones Generales, el usuario se somete a la jurisdicci\u00f3n de los Tribunales de la ciudad de Valdemoro, para resolver cualquier controversia relacionada con el apartado anterior.<\/p>\n<p><strong>C\u00d3MO PONERSE EN CONTACTO<\/strong><\/p>\n<p>Si desea aclarar cualquier aspecto acerca de las condiciones de uso descritas, puede dirigirse a las siguientes direcciones:<\/p>\n<p>info@garibai-aroztegia.com si lo hace a trav\u00e9s de correo electr\u00f3nico o bien por escrito a GARIBAI AROZTEGIA S.L, Garibai 11 \u2013 O\u00f1ati 20560 &#8211; Gipuzkoa.<\/p>\n<p>GARIBAI AROZTEGIA S.L<br \/>\nGaribai 11 \u2013 O\u00f1ati 20560 &#8211; Gipuzkoa<br \/>\nTelf.: +34 943 78 14 54<br \/>\nFax: +34 943 78 19 78<\/p>\n","protected":false},"excerpt":{"rendered":"<p>CONDICIONES GENERALES DE USO DE LA WEB: www.garibai-aroztegia.com 1. La utilizaci\u00f3n de este espacio web est\u00e1 sujeta a la aceptaci\u00f3n plena por parte del Usuario de estas Condiciones Generales de Uso, o bien de aquellas que se encuentren vigentes en cada momento en que el usuario acceda al mismo. 2. S\u00f3lo se permite el acceso [&hellip;]<\/p>\n","protected":false},"author":5,"featured_media":0,"parent":0,"menu_order":0,"comment_status":"closed","ping_status":"closed","template":"","meta":{"footnotes":""},"class_list":["post-84","page","type-page","status-publish","hentry"],"aioseo_notices":[],"_links":{"self":[{"href":"https:\/\/garibai-aroztegia.com\/eu\/wp-json\/wp\/v2\/pages\/84","targetHints":{"allow":["GET"]}}],"collection":[{"href":"https:\/\/garibai-aroztegia.com\/eu\/wp-json\/wp\/v2\/pages"}],"about":[{"href":"https:\/\/garibai-aroztegia.com\/eu\/wp-json\/wp\/v2\/types\/page"}],"author":[{"embeddable":true,"href":"https:\/\/garibai-aroztegia.com\/eu\/wp-json\/wp\/v2\/users\/5"}],"replies":[{"embeddable":true,"href":"https:\/\/garibai-aroztegia.com\/eu\/wp-json\/wp\/v2\/comments?post=84"}],"version-history":[{"count":20,"href":"https:\/\/garibai-aroztegia.com\/eu\/wp-json\/wp\/v2\/pages\/84\/revisions"}],"predecessor-version":[{"id":1397,"href":"https:\/\/garibai-aroztegia.com\/eu\/wp-json\/wp\/v2\/pages\/84\/revisions\/1397"}],"wp:attachment":[{"href":"https:\/\/garibai-aroztegia.com\/eu\/wp-json\/wp\/v2\/media?parent=84"}],"curies":[{"name":"wp","href":"https:\/\/api.w.org\/{rel}","templated":true}]}}